{"id":21072,"date":"2024-03-01T15:58:46","date_gmt":"2024-03-01T12:58:46","guid":{"rendered":"https:\/\/evoscents.com\/?post_type=product&#038;p=21072"},"modified":"2024-03-01T20:59:47","modified_gmt":"2024-03-01T17:59:47","slug":"pago-de-la-entrega-del-evoscent-set-no-8-business-hight-a-oman-autoentrega","status":"publish","type":"product","link":"https:\/\/evoscents.com\/es\/producto\/pago-de-la-entrega-del-evoscent-set-no-8-business-hight-a-oman-autoentrega\/","title":{"rendered":"Pago de la entrega del EvoScent Set No. 8 Business-Hight a Om\u00e1n (autoentrega)"},"content":{"rendered":"","protected":false},"excerpt":{"rendered":"Emitir una solicitud de entrega de un EvoScent Set No. 8 Business-Hight a Om\u00e1n (autoentrega). \u00a1Atenci\u00f3n! Actualmente, la entrega s\u00f3lo puede efectuarse en una serie de pa\u00edses. Puede comprobar la disponibilidad de entrega en su pa\u00eds en la p\u00e1gina web. La posibilidad de env\u00edo a otros pa\u00edses aparecer\u00e1 m\u00e1s adelante, estamos trabajando duro en ello.","protected":false},"featured_media":20528,"template":"","meta":{"inline_featured_image":false},"product_cat":[177,177,154,154],"product_tag":[],"_links":{"self":[{"href":"https:\/\/evoscents.com\/es\/wp-json\/wp\/v2\/product\/21072"}],"collection":[{"href":"https:\/\/evoscents.com\/es\/wp-json\/wp\/v2\/product"}],"about":[{"href":"https:\/\/evoscents.com\/es\/wp-json\/wp\/v2\/types\/product"}],"wp:featuredmedia":[{"embeddable":true,"href":"https:\/\/evoscents.com\/es\/wp-json\/wp\/v2\/media\/20528"}],"wp:attachment":[{"href":"https:\/\/evoscents.com\/es\/wp-json\/wp\/v2\/media?parent=21072"}],"wp:term":[{"taxonomy":"product_cat","embeddable":true,"href":"https:\/\/evoscents.com\/es\/wp-json\/wp\/v2\/product_cat?post=21072"},{"taxonomy":"product_tag","embeddable":true,"href":"https:\/\/evoscents.com\/es\/wp-json\/wp\/v2\/product_tag?post=21072"}],"curies":[{"name":"wp","href":"https:\/\/api.w.org\/{rel}","templated":true}]}}