{"id":20656,"date":"2023-05-16T08:13:31","date_gmt":"2023-05-16T17:21:15","guid":{"rendered":"https:\/\/evoscents.com\/product\/pago-de-la-entrega-del-evoscent-set-no-2-classic-a-oman\/"},"modified":"2023-05-16T20:22:18","modified_gmt":"2023-05-16T17:22:18","slug":"payment-for-delivery-of-the-evoscent-classic-2-to-oman","status":"publish","type":"product","link":"https:\/\/evoscents.com\/es\/producto\/payment-for-delivery-of-the-evoscent-classic-2-to-oman\/","title":{"rendered":"Pago de la entrega del EvoScent Set No.2 Classic a Om\u00e1n"},"content":{"rendered":"","protected":false},"excerpt":{"rendered":"Emitir una solicitud de entrega de un EvoScent Set No.2 Classic a Om\u00e1n. \u00a1Atenci\u00f3n! Actualmente, la entrega s\u00f3lo puede efectuarse en una serie de pa\u00edses. Puede comprobar la disponibilidad de entrega en su pa\u00eds en la p\u00e1gina web. La posibilidad de env\u00edo a otros pa\u00edses aparecer\u00e1 m\u00e1s adelante, estamos trabajando duro en ello.","protected":false},"featured_media":20494,"template":"","meta":{"inline_featured_image":false},"product_cat":[177,154,154,177],"product_tag":[],"_links":{"self":[{"href":"https:\/\/evoscents.com\/es\/wp-json\/wp\/v2\/product\/20656"}],"collection":[{"href":"https:\/\/evoscents.com\/es\/wp-json\/wp\/v2\/product"}],"about":[{"href":"https:\/\/evoscents.com\/es\/wp-json\/wp\/v2\/types\/product"}],"wp:featuredmedia":[{"embeddable":true,"href":"https:\/\/evoscents.com\/es\/wp-json\/wp\/v2\/media\/20494"}],"wp:attachment":[{"href":"https:\/\/evoscents.com\/es\/wp-json\/wp\/v2\/media?parent=20656"}],"wp:term":[{"taxonomy":"product_cat","embeddable":true,"href":"https:\/\/evoscents.com\/es\/wp-json\/wp\/v2\/product_cat?post=20656"},{"taxonomy":"product_tag","embeddable":true,"href":"https:\/\/evoscents.com\/es\/wp-json\/wp\/v2\/product_tag?post=20656"}],"curies":[{"name":"wp","href":"https:\/\/api.w.org\/{rel}","templated":true}]}}