{"id":18973,"date":"2022-10-27T21:49:26","date_gmt":"2022-10-27T22:52:09","guid":{"rendered":"https:\/\/evoscents.com\/?post_type=product&#038;p=18973"},"modified":"2024-02-15T00:02:49","modified_gmt":"2024-02-14T21:02:49","slug":"evorich","status":"publish","type":"product","link":"https:\/\/evoscents.com\/es\/producto\/evorich\/","title":{"rendered":"Evorich"},"content":{"rendered":"<div id=\"modal-ready\">Evorich nos inspira a expandir nuestros l\u00edmites. La fragancia, a pesar de su exquisita f\u00f3rmula tradicional (notas de la familia de la \u201cfoug\u00e8re\u201d), al mismo tiempo suena como una obra maestra de perfume valiente, alegre y moderna. El coraz\u00f3n de la composici\u00f3n est\u00e1 presentado por musgo, habas tonka y \u00e1mbar. Las notas de lavanda e incienso se revelan a trav\u00e9s de la combinaci\u00f3n de pimienta negra, menta y bergamota en la base de la fragancia. Todo esto crea una atm\u00f3sfera que inspira confianza y ganas de actuar con decisi\u00f3n.<\/div>","protected":false},"excerpt":{"rendered":"Evorich es la columna vertebral de nuestra comunidad. Fuerte y flexible al mismo tiempo. Inspira confianza y evoca esperanza para el futuro.","protected":false},"featured_media":18919,"template":"template-parts\/collection-product.php","meta":{"inline_featured_image":false},"product_cat":[162,162],"product_tag":[],"_links":{"self":[{"href":"https:\/\/evoscents.com\/es\/wp-json\/wp\/v2\/product\/18973"}],"collection":[{"href":"https:\/\/evoscents.com\/es\/wp-json\/wp\/v2\/product"}],"about":[{"href":"https:\/\/evoscents.com\/es\/wp-json\/wp\/v2\/types\/product"}],"wp:featuredmedia":[{"embeddable":true,"href":"https:\/\/evoscents.com\/es\/wp-json\/wp\/v2\/media\/18919"}],"wp:attachment":[{"href":"https:\/\/evoscents.com\/es\/wp-json\/wp\/v2\/media?parent=18973"}],"wp:term":[{"taxonomy":"product_cat","embeddable":true,"href":"https:\/\/evoscents.com\/es\/wp-json\/wp\/v2\/product_cat?post=18973"},{"taxonomy":"product_tag","embeddable":true,"href":"https:\/\/evoscents.com\/es\/wp-json\/wp\/v2\/product_tag?post=18973"}],"curies":[{"name":"wp","href":"https:\/\/api.w.org\/{rel}","templated":true}]}}