{"id":18971,"date":"2022-10-26T21:52:06","date_gmt":"2022-10-27T22:51:36","guid":{"rendered":"https:\/\/evoscents.com\/?post_type=product&#038;p=18971"},"modified":"2022-10-28T19:45:25","modified_gmt":"2022-10-28T16:45:25","slug":"greatness","status":"publish","type":"product","link":"https:\/\/evoscents.com\/es\/producto\/greatness\/","title":{"rendered":"Greatness"},"content":{"rendered":"<div id=\"modal-ready\">El nombre de la fragancia Greatness define la grandeza de la composici\u00f3n del perfume. Las notas de salida de davana y bergamota, rosa, geranio y melocot\u00f3n en el coraz\u00f3n de la composici\u00f3n y la base de almizcle y \u00e1mbar se envuelven armoniosamente en tuberose en un sonido brillante. La brillante sinergia de los ingredientes y la energ\u00eda serena y espiritual de la &#8220;tuberose flower&#8221;(la flor de tuberosa) ha dado como resultado una de las fragancias m\u00e1s refinadas y elegantes de la colecci\u00f3n.<\/div>","protected":false},"excerpt":{"rendered":"Los sue\u00f1os basados en grandes metas deben hacerse realidad. El aroma de la grandeza Greatness seguramente le llevar\u00e1 a la cima de la fama.","protected":false},"featured_media":18875,"template":"template-parts\/collection-product.php","meta":{"inline_featured_image":false},"product_cat":[162,162],"product_tag":[],"_links":{"self":[{"href":"https:\/\/evoscents.com\/es\/wp-json\/wp\/v2\/product\/18971"}],"collection":[{"href":"https:\/\/evoscents.com\/es\/wp-json\/wp\/v2\/product"}],"about":[{"href":"https:\/\/evoscents.com\/es\/wp-json\/wp\/v2\/types\/product"}],"wp:featuredmedia":[{"embeddable":true,"href":"https:\/\/evoscents.com\/es\/wp-json\/wp\/v2\/media\/18875"}],"wp:attachment":[{"href":"https:\/\/evoscents.com\/es\/wp-json\/wp\/v2\/media?parent=18971"}],"wp:term":[{"taxonomy":"product_cat","embeddable":true,"href":"https:\/\/evoscents.com\/es\/wp-json\/wp\/v2\/product_cat?post=18971"},{"taxonomy":"product_tag","embeddable":true,"href":"https:\/\/evoscents.com\/es\/wp-json\/wp\/v2\/product_tag?post=18971"}],"curies":[{"name":"wp","href":"https:\/\/api.w.org\/{rel}","templated":true}]}}