{"id":18970,"date":"2022-10-25T21:57:44","date_gmt":"2022-10-27T22:50:56","guid":{"rendered":"https:\/\/evoscents.com\/?post_type=product&#038;p=18970"},"modified":"2022-10-28T19:44:44","modified_gmt":"2022-10-28T16:44:44","slug":"tantric","status":"publish","type":"product","link":"https:\/\/evoscents.com\/es\/producto\/tantric\/","title":{"rendered":"Tantric"},"content":{"rendered":"<div id=\"modal-ready\">Una sinfon\u00eda de notas frutales, florales y amaderadas define el car\u00e1cter de una fragancia profunda y sensual que nos revela la maravillosa fertilidad de nuestro planeta. El coraz\u00f3n del aroma de madera de cedro y almizcle se ba\u00f1a en acordes de peon\u00eda, jazm\u00edn blanco, rosa e iris, explotando con notas de tamarindo, pomelo, mango &#8230; Nuestra sensualidad sin l\u00edmites despierta en contacto con una extravagancia fragante.<\/div>","protected":false},"excerpt":{"rendered":"La fragancia despierta la sensualidad y nos permite experimentar un estado de absoluta libertad sin obst\u00e1culos ni restricciones. Una experiencia que dura para siempre.","protected":false},"featured_media":18831,"template":"template-parts\/collection-product.php","meta":{"inline_featured_image":false},"product_cat":[162,162],"product_tag":[],"_links":{"self":[{"href":"https:\/\/evoscents.com\/es\/wp-json\/wp\/v2\/product\/18970"}],"collection":[{"href":"https:\/\/evoscents.com\/es\/wp-json\/wp\/v2\/product"}],"about":[{"href":"https:\/\/evoscents.com\/es\/wp-json\/wp\/v2\/types\/product"}],"wp:featuredmedia":[{"embeddable":true,"href":"https:\/\/evoscents.com\/es\/wp-json\/wp\/v2\/media\/18831"}],"wp:attachment":[{"href":"https:\/\/evoscents.com\/es\/wp-json\/wp\/v2\/media?parent=18970"}],"wp:term":[{"taxonomy":"product_cat","embeddable":true,"href":"https:\/\/evoscents.com\/es\/wp-json\/wp\/v2\/product_cat?post=18970"},{"taxonomy":"product_tag","embeddable":true,"href":"https:\/\/evoscents.com\/es\/wp-json\/wp\/v2\/product_tag?post=18970"}],"curies":[{"name":"wp","href":"https:\/\/api.w.org\/{rel}","templated":true}]}}