{"id":18968,"date":"2022-10-24T21:57:12","date_gmt":"2022-10-27T22:50:26","guid":{"rendered":"https:\/\/evoscents.com\/?post_type=product&#038;p=18968"},"modified":"2022-10-28T19:44:07","modified_gmt":"2022-10-28T16:44:07","slug":"paradigma","status":"publish","type":"product","link":"https:\/\/evoscents.com\/es\/producto\/paradigma\/","title":{"rendered":"Paradigma"},"content":{"rendered":"<div id=\"modal-ready\">De una fragancia milenaria con matices modernos, nace el paradigma de una nueva experiencia olfativa. El \u00e1mbar gris, absoluto de labdanum y la resina de benju\u00ed forman la base de esta obra maestra del perfume. El aroma est\u00e1 envuelto en styrax y violeta con la atm\u00f3sfera de aceites de semillas de ambrette y elemi, que nos llevan en una peregrinaci\u00f3n a los or\u00edgenes del universo y nuestro destino.<\/div>","protected":false},"excerpt":{"rendered":"Somos y no somos. Sin ser existimos y no existimos al mismo tiempo. El aroma despierta la pasi\u00f3n por el autoconocimiento y la autoconciencia.","protected":false},"featured_media":18787,"template":"template-parts\/collection-product.php","meta":{"inline_featured_image":false},"product_cat":[162,162],"product_tag":[],"_links":{"self":[{"href":"https:\/\/evoscents.com\/es\/wp-json\/wp\/v2\/product\/18968"}],"collection":[{"href":"https:\/\/evoscents.com\/es\/wp-json\/wp\/v2\/product"}],"about":[{"href":"https:\/\/evoscents.com\/es\/wp-json\/wp\/v2\/types\/product"}],"wp:featuredmedia":[{"embeddable":true,"href":"https:\/\/evoscents.com\/es\/wp-json\/wp\/v2\/media\/18787"}],"wp:attachment":[{"href":"https:\/\/evoscents.com\/es\/wp-json\/wp\/v2\/media?parent=18968"}],"wp:term":[{"taxonomy":"product_cat","embeddable":true,"href":"https:\/\/evoscents.com\/es\/wp-json\/wp\/v2\/product_cat?post=18968"},{"taxonomy":"product_tag","embeddable":true,"href":"https:\/\/evoscents.com\/es\/wp-json\/wp\/v2\/product_tag?post=18968"}],"curies":[{"name":"wp","href":"https:\/\/api.w.org\/{rel}","templated":true}]}}