{"id":18966,"date":"2022-10-23T21:15:06","date_gmt":"2022-10-27T22:48:06","guid":{"rendered":"https:\/\/evoscents.com\/?post_type=product&#038;p=18966"},"modified":"2022-10-28T19:43:31","modified_gmt":"2022-10-28T16:43:31","slug":"fifth-element","status":"publish","type":"product","link":"https:\/\/evoscents.com\/es\/producto\/fifth-element\/","title":{"rendered":"Fifth Element"},"content":{"rendered":"<div id=\"modal-ready\">Esta fragancia es una creaci\u00f3n \u00fanica inspirada en la magia e intangibilidad del \u00e9ter. El n\u00facleo de la composici\u00f3n es el \u00e1mbar blanco y la madera de cedro, de donde fluye el magma de pimienta negra, incienso y nubes de humo, que se manifiestan en potentes notas met\u00e1licas, en armon\u00eda con el delicado sonido de los c\u00edtricos. Fragancia que nos acerca a los l\u00edmites de lo conocido.<\/div>","protected":false},"excerpt":{"rendered":"La ingravidez es dif\u00edcil de tocar, pero existe. El aliento del aroma no se puede ver, pero se puede sentir. Fifth Element le permite disfrutar de la vida en el momento.","protected":false},"featured_media":18743,"template":"template-parts\/collection-product.php","meta":{"inline_featured_image":false},"product_cat":[162,162],"product_tag":[],"_links":{"self":[{"href":"https:\/\/evoscents.com\/es\/wp-json\/wp\/v2\/product\/18966"}],"collection":[{"href":"https:\/\/evoscents.com\/es\/wp-json\/wp\/v2\/product"}],"about":[{"href":"https:\/\/evoscents.com\/es\/wp-json\/wp\/v2\/types\/product"}],"wp:featuredmedia":[{"embeddable":true,"href":"https:\/\/evoscents.com\/es\/wp-json\/wp\/v2\/media\/18743"}],"wp:attachment":[{"href":"https:\/\/evoscents.com\/es\/wp-json\/wp\/v2\/media?parent=18966"}],"wp:term":[{"taxonomy":"product_cat","embeddable":true,"href":"https:\/\/evoscents.com\/es\/wp-json\/wp\/v2\/product_cat?post=18966"},{"taxonomy":"product_tag","embeddable":true,"href":"https:\/\/evoscents.com\/es\/wp-json\/wp\/v2\/product_tag?post=18966"}],"curies":[{"name":"wp","href":"https:\/\/api.w.org\/{rel}","templated":true}]}}