{"id":18964,"date":"2022-10-22T21:56:01","date_gmt":"2022-10-27T22:47:01","guid":{"rendered":"https:\/\/evoscents.com\/?post_type=product&#038;p=18964"},"modified":"2022-10-28T19:42:51","modified_gmt":"2022-10-28T16:42:51","slug":"basalt","status":"publish","type":"product","link":"https:\/\/evoscents.com\/es\/producto\/basalt\/","title":{"rendered":"Basalt"},"content":{"rendered":"<div id=\"modal-ready\">As\u00ed como las columnas de fuego se convierten en piedra, los ingredientes que componen este perfume empapan nuestra piel de fuerza y \u200b\u200bcalidez. Sobre un fondo de \u00e1mbar gris, pachul\u00ed y notas de cuero, aparecen notas de coraz\u00f3n de incienso, tomillo y cedro, acompa\u00f1adas de acordes de azafr\u00e1n, bergamota y cardamomo. Un aroma intenso que nos envuelve con un aura de profundo misterio.<\/div>","protected":false},"excerpt":{"rendered":"De la forma m\u00e1s profunda y densa que nace, la esencia del perfume se endurece y nos envuelve con su aura hipnotizante y expresiva.","protected":false},"featured_media":18699,"template":"template-parts\/collection-product.php","meta":{"inline_featured_image":false},"product_cat":[162,162],"product_tag":[],"_links":{"self":[{"href":"https:\/\/evoscents.com\/es\/wp-json\/wp\/v2\/product\/18964"}],"collection":[{"href":"https:\/\/evoscents.com\/es\/wp-json\/wp\/v2\/product"}],"about":[{"href":"https:\/\/evoscents.com\/es\/wp-json\/wp\/v2\/types\/product"}],"wp:featuredmedia":[{"embeddable":true,"href":"https:\/\/evoscents.com\/es\/wp-json\/wp\/v2\/media\/18699"}],"wp:attachment":[{"href":"https:\/\/evoscents.com\/es\/wp-json\/wp\/v2\/media?parent=18964"}],"wp:term":[{"taxonomy":"product_cat","embeddable":true,"href":"https:\/\/evoscents.com\/es\/wp-json\/wp\/v2\/product_cat?post=18964"},{"taxonomy":"product_tag","embeddable":true,"href":"https:\/\/evoscents.com\/es\/wp-json\/wp\/v2\/product_tag?post=18964"}],"curies":[{"name":"wp","href":"https:\/\/api.w.org\/{rel}","templated":true}]}}