{"id":18962,"date":"2022-10-21T21:55:16","date_gmt":"2022-10-27T22:35:47","guid":{"rendered":"https:\/\/evoscents.com\/?post_type=product&#038;p=18962"},"modified":"2022-10-28T19:42:13","modified_gmt":"2022-10-28T16:42:13","slug":"dynamic-gold","status":"publish","type":"product","link":"https:\/\/evoscents.com\/es\/producto\/dynamic-gold\/","title":{"rendered":"Dynamic Gold"},"content":{"rendered":"<div id=\"modal-ready\">La frecuencia olfativa del oro se puede imaginar en la din\u00e1mica de un perfume acu\u00e1tico y fresco, nacido en una fragante nube de mandarina, bergamota y ruibarbo, que libera una fluida melod\u00eda de rosas y flores de loto, revelando las notas de coraz\u00f3n ocultas de higuera y almizcle. La sinfon\u00eda de la fragancia deslumbra con su resplandor dorado.<\/div>","protected":false},"excerpt":{"rendered":"La honestidad y la nobleza son los valores m\u00e1s venerados. Si nos atenemos a ellos, definitivamente ganaremos.","protected":false},"featured_media":18655,"template":"template-parts\/collection-product.php","meta":{"inline_featured_image":false},"product_cat":[162,162],"product_tag":[],"_links":{"self":[{"href":"https:\/\/evoscents.com\/es\/wp-json\/wp\/v2\/product\/18962"}],"collection":[{"href":"https:\/\/evoscents.com\/es\/wp-json\/wp\/v2\/product"}],"about":[{"href":"https:\/\/evoscents.com\/es\/wp-json\/wp\/v2\/types\/product"}],"wp:featuredmedia":[{"embeddable":true,"href":"https:\/\/evoscents.com\/es\/wp-json\/wp\/v2\/media\/18655"}],"wp:attachment":[{"href":"https:\/\/evoscents.com\/es\/wp-json\/wp\/v2\/media?parent=18962"}],"wp:term":[{"taxonomy":"product_cat","embeddable":true,"href":"https:\/\/evoscents.com\/es\/wp-json\/wp\/v2\/product_cat?post=18962"},{"taxonomy":"product_tag","embeddable":true,"href":"https:\/\/evoscents.com\/es\/wp-json\/wp\/v2\/product_tag?post=18962"}],"curies":[{"name":"wp","href":"https:\/\/api.w.org\/{rel}","templated":true}]}}