{"id":18960,"date":"2022-10-20T21:04:04","date_gmt":"2022-10-27T22:34:59","guid":{"rendered":"https:\/\/evoscents.com\/?post_type=product&#038;p=18960"},"modified":"2022-10-28T19:41:31","modified_gmt":"2022-10-28T16:41:31","slug":"wealthy-spirit","status":"publish","type":"product","link":"https:\/\/evoscents.com\/es\/producto\/wealthy-spirit\/","title":{"rendered":"Wealthy Spirit"},"content":{"rendered":"<div id=\"modal-ready\">El esp\u00edritu de la riqueza solo se puede combinar con los ingredientes m\u00e1s lujosos y preciosos que la naturaleza tiene para ofrecernos y que hasta ahora solo han estado disponibles para una \u00e9lite conocedora. El coraz\u00f3n de la fragancia, vetiver y almizcle, rodeado de jazm\u00edn blanco, aceite de ylang-ylang y violeta, combinado con bergamota y absoluto de iris absoluto, abre las puertas de la verdadera riqueza. La profundidad y la grandeza de la nota seca del iris evoca una sensaci\u00f3n de lujo y prosperidad.<\/div>","protected":false},"excerpt":{"rendered":"El n\u00famero &#8220;8&#8221; es un s\u00edmbolo de riqueza material y espiritual sin fin. Al combinar estos dos conceptos en uno, ganamos fuerza y fortaleza mental.","protected":false},"featured_media":18609,"template":"template-parts\/collection-product.php","meta":{"inline_featured_image":false},"product_cat":[162,162],"product_tag":[],"_links":{"self":[{"href":"https:\/\/evoscents.com\/es\/wp-json\/wp\/v2\/product\/18960"}],"collection":[{"href":"https:\/\/evoscents.com\/es\/wp-json\/wp\/v2\/product"}],"about":[{"href":"https:\/\/evoscents.com\/es\/wp-json\/wp\/v2\/types\/product"}],"wp:featuredmedia":[{"embeddable":true,"href":"https:\/\/evoscents.com\/es\/wp-json\/wp\/v2\/media\/18609"}],"wp:attachment":[{"href":"https:\/\/evoscents.com\/es\/wp-json\/wp\/v2\/media?parent=18960"}],"wp:term":[{"taxonomy":"product_cat","embeddable":true,"href":"https:\/\/evoscents.com\/es\/wp-json\/wp\/v2\/product_cat?post=18960"},{"taxonomy":"product_tag","embeddable":true,"href":"https:\/\/evoscents.com\/es\/wp-json\/wp\/v2\/product_tag?post=18960"}],"curies":[{"name":"wp","href":"https:\/\/api.w.org\/{rel}","templated":true}]}}