{"id":20648,"date":"2023-05-16T19:46:35","date_gmt":"2023-05-16T16:46:35","guid":{"rendered":"https:\/\/evoscents.com\/entrega\/"},"modified":"2024-03-04T18:21:24","modified_gmt":"2024-03-04T15:21:24","slug":"entrega","status":"publish","type":"page","link":"https:\/\/evoscents.com\/es\/entrega\/","title":{"rendered":"Entrega"},"content":{"rendered":"<div id=\"modal-ready\">\n<p><strong>ATENCI\u00d3N:<\/strong><\/p>\n\n\n\n<ul>\n<li>Si los paquetes de EvoScent que pagaste incluyen 1, 2 o 4 frascos de 75 ml, deber\u00e1s seleccionar la cantidad adecuada de fragancias <strong>y escribe sus nombres en la nota de orden<\/strong> (puedes elegir un m\u00e1ximo <strong>de 1 frasco de la misma<\/strong> fragancia).<\/li>\n\n\n\n<li>Si los paquetes que pagaste incluyen 8 botellas, se te enviar\u00e1 una botella de cada n\u00famero, no podr\u00e1s elegir las fragancias.<\/li>\n\n\n\n<li>Si los paquetes por los que pag\u00f3 incluyen 17-68 botellas o m\u00e1s, se le enviar\u00e1 una botella de cada n\u00famero en m\u00faltiplos de ocho, y para la cantidad restante, tendr\u00e1 que seleccionar las fragancias <strong>y escribir sus nombres en la nota de pedid<\/strong>.<\/li>\n<\/ul>\n\n\n\n<p><em>POR EJEMPLO:<\/em><\/p>\n\n\n\n<ul>\n<li><em>Si hay <strong>8 botellas<\/strong> disponibles para la entrega, recibir\u00e1 <strong>1 juego completo<\/strong> de toda la colecci\u00f3n (1 fragancia de cada uno de los n\u00fameros 1 a 8).<\/em><\/li>\n\n\n\n<li><em>Si hay <strong>17 botellas<\/strong> disponibles para la entrega, recibir\u00e1 <strong>2 juegos completos<\/strong> de toda la colecci\u00f3n (2 fragancias cada uno de los n\u00fameros 1 a 8) y le quedar\u00e1 <strong>1 fragancia adicional <\/strong>para elegir. <strong>El nombre de la fragancia seleccionada debe indicarse en una nota a su pedido.<\/strong><\/em><\/li>\n\n\n\n<li><em>Si hay <strong>28 botellas<\/strong> disponibles para la entrega, recibir\u00e1 <strong>3 juegos completos<\/strong> de toda la colecci\u00f3n (3 fragancias cada uno de los n\u00fameros 1 a 8) y le quedar\u00e1n <strong>4 fragancias adicionales<\/strong> para elegir. <strong>Los nombres de las fragancias seleccionadas deben indicarse en una nota a su pedido.<\/strong><\/em><\/li>\n<\/ul>\n\n\n\n<p><em>Etc\u00e9tera.<\/em><\/p>\n\n\n\n<p><\/p>\n\n\n\n<p>El coste del env\u00edo a los pa\u00edses a los que se env\u00eda actualmente.<br>Seleccione en la lista el pa\u00eds y el conjunto que desea comprar, vaya a la secci\u00f3n de pago y abone los gastos de env\u00edo.<\/p>\n\n\n\n<p><strong>PRECIOS DE ENV\u00cdO A OM\u00c1N<\/strong><\/p>\n\n\n\n<p><a href=\"https:\/\/evoscents.com\/en\/product\/payment-for-delivery-of-the-evoscent-basic-1-to-oman\/\" target=\"_blank\" rel=\"noreferrer noopener\">entrega <strong>EvoScent Set No.1 Basic <\/strong>(1 conjunto de presentaci\u00f3n) <strong>10$<\/strong><\/a><br><a href=\"https:\/\/evoscents.com\/es\/producto\/payment-for-delivery-of-the-evoscent-classic-2-to-oman\/\" target=\"_blank\" rel=\"noreferrer noopener\">entrega <strong>EvoScent Set No.2 Classic<\/strong> (2 conjuntos de presentaci\u00f3n) <strong>12$<\/strong><\/a><br><a href=\"https:\/\/evoscents.com\/es\/producto\/payment-for-delivery-of-the-evoscent-3-ultra-to-oman\/\" target=\"_blank\" rel=\"noreferrer noopener\">entrega <strong>EvoScent Set No.3 Classic-Ultra <\/strong>(1 conjunto de presentaci\u00f3n + 1 botella de 75ml)<strong> 15$<\/strong><\/a><strong><br><\/strong><a href=\"https:\/\/evoscents.com\/es\/producto\/payment-for-delivery-of-the-evoscent-set-no-4-max-to-oman\/\" target=\"_blank\" rel=\"noreferrer noopener\">entrega <strong>EvoScent Set No. 4 Classic-Max <\/strong>(1 conjunto de presentaci\u00f3n + 2 botellas 75ml) <strong>20$<\/strong><\/a><br><a href=\"https:\/\/evoscents.com\/es\/producto\/payment-for-delivery-of-the-evoscent-set-no-5-busi-stand-to-oman\/\" target=\"_blank\" rel=\"noreferrer noopener\">entrega <strong>EvoScent Set No. 5 Business-Standard<\/strong> (2 conjuntos de presentaci\u00f3n + 4 botellas 75ml) <strong>30$<\/strong><\/a><br><a href=\"https:\/\/evoscents.com\/es\/producto\/payment-for-delivery-of-the-evoscent-set-no-6-business-light-to-oman\/\" target=\"_blank\" rel=\"noreferrer noopener\">entrega <strong>EvoScent Set No. 6 Business-Light<\/strong> (2 conjuntos de presentaci\u00f3n + 8 botellas 75ml) <strong>50$<\/strong><\/a><br><a href=\"https:\/\/evoscents.com\/es\/producto\/payment-for-delivery-of-the-evoscent-set-no-7-business-med-to-oman\/\" target=\"_blank\" rel=\"noreferrer noopener\">entrega <strong>EvoScent Set No. 7 Business-Medium<\/strong> (2 conjuntos de presentaci\u00f3n + 17 botellas 75ml) <strong>70$<\/strong><\/a><br><a href=\"https:\/\/evoscents.com\/es\/producto\/payment-for-delivery-of-the-evoscent-set-no-8-business-hight-to-oman\/\" target=\"_blank\" rel=\"noreferrer noopener\">entrega <strong>EvoScent Set No. 8 Business-Hight<\/strong> (2 conjuntos de presentaci\u00f3n + 28 botellas 75ml) <strong>120$<\/strong><\/a><br><a href=\"https:\/\/evoscents.com\/es\/producto\/payment-for-delivery-of-the-evoscent-set-no-9-business-gold-to-oman\/\" target=\"_blank\" rel=\"noreferrer noopener\">entrega <strong>EvoScent Set No. 9 Business-Gold<\/strong> (2 conjuntos de presentaci\u00f3n + 37 botellas 75ml) <strong>150$<\/strong><\/a><br><a href=\"https:\/\/evoscents.com\/es\/producto\/payment-for-delivery-of-the-evoscent-set-no-10-business-platinum-to-oman\/\" target=\"_blank\" rel=\"noreferrer noopener\">entrega<strong> EvoScent Set No. 10 Business-Platinum<\/strong> (2 conjuntos de presentaci\u00f3n + 56 botellas 75ml) <strong>250$<\/strong><\/a><br><\/p>\n\n\n\n<p><em><strong>Si usted compr\u00f3 paquetes en la etapa 6 del programa, el costo de los paquetes 5, 7 y 10 ser\u00e1 diferente, utilice los siguientes enlaces para pagar el env\u00edo:<\/strong><\/em><\/p>\n\n\n\n<p><a href=\"https:\/\/evoscents.com\/es\/producto\/payment-for-delivery-of-the-evoscent-set-no-5-business-standard-to-oman-6-stage\/\" target=\"_blank\" rel=\"noreferrer noopener\">entrega <strong>EvoScent Set No. 5 Business-Standard<\/strong> (3 conjuntos de presentaci\u00f3n + 6 botellas 75ml) <strong>40$<\/strong><\/a><br><a href=\"https:\/\/evoscents.com\/es\/producto\/payment-for-delivery-of-the-evoscent-set-no-7-business-medium-to-oman-6-stage\/\" target=\"_blank\" rel=\"noreferrer noopener\">entrega <strong>EvoScent Set No. 7 Business-Medium<\/strong> (5 conjuntos de presentaci\u00f3n + 24 botellas 75ml) <strong>90$<\/strong><\/a><br><a href=\"https:\/\/evoscents.com\/es\/producto\/payment-for-delivery-of-the-evoscent-set-no-10-business-platinum-to-oman-6-stage\/\" target=\"_blank\" rel=\"noreferrer noopener\">entrega <strong>EvoScent Set No. 10 Business-Platinum<\/strong> (10 conjuntos de presentaci\u00f3n + 68 botellas 75ml) <strong>300$<\/strong><\/a><\/p>\n\n\n\n<p><strong>PRECIOS DE ENV\u00cdO A OM\u00c1N (AUTOENTREGA)<\/strong><\/p>\n\n\n\n<p><a href=\"https:\/\/evoscents.com\/es\/producto\/pago-de-la-entrega-del-evoscent-set-no-1-basic-a-oman-autoentrega\/\" data-type=\"link\" data-id=\"https:\/\/evoscents.com\/es\/producto\/pago-de-la-entrega-del-evoscent-set-no-1-basic-a-oman-autoentrega\/\" target=\"_blank\" rel=\"noreferrer noopener\">entrega <strong>EvoScent Set No.1 Basic<\/strong> (1 conjunto de presentaci\u00f3n) AUTOENTREGA <strong>4$<\/strong><\/a><br><a href=\"https:\/\/evoscents.com\/es\/producto\/pago-de-la-entrega-del-evoscent-set-no-2-classic-a-oman-autoentrega\/\" data-type=\"link\" data-id=\"https:\/\/evoscents.com\/es\/producto\/pago-de-la-entrega-del-evoscent-set-no-2-classic-a-oman-autoentrega\/\" target=\"_blank\" rel=\"noreferrer noopener\">entrega <strong>EvoScent Set No.2 Classic<\/strong> (2 conjuntos de presentaci\u00f3n) AUTOENTREGA <strong>5$<\/strong><\/a><br><a href=\"https:\/\/evoscents.com\/es\/producto\/pago-de-la-entrega-del-evoscent-set-no-3-classic-ultra-a-oman-autoentrega\/\" data-type=\"link\" data-id=\"https:\/\/evoscents.com\/es\/producto\/pago-de-la-entrega-del-evoscent-set-no-3-classic-ultra-a-oman-autoentrega\/\" target=\"_blank\" rel=\"noreferrer noopener\">entrega <strong>EvoScent Set No.3 Classic-Ultra <\/strong>(1 conjunto de presentaci\u00f3n + 1 botella de 75ml) AUTOENTREGA <strong>5$<\/strong><\/a><br><a href=\"https:\/\/evoscents.com\/es\/producto\/pago-de-la-entrega-del-evoscent-set-no-4-classic-max-a-oman-autoentrega\/\" data-type=\"link\" data-id=\"https:\/\/evoscents.com\/es\/producto\/pago-de-la-entrega-del-evoscent-set-no-4-classic-max-a-oman-autoentrega\/\" target=\"_blank\" rel=\"noreferrer noopener\">entrega <strong>EvoScent Set No. 4 Classic-Max<\/strong> (1 conjunto de presentaci\u00f3n + 2 botellas 75ml) AUTOENTREGA <strong>8$<\/strong><\/a><br><a href=\"https:\/\/evoscents.com\/es\/producto\/pago-de-la-entrega-del-evoscent-set-no-5-business-standard-a-oman-autoentrega\/\" data-type=\"link\" data-id=\"https:\/\/evoscents.com\/es\/producto\/pago-de-la-entrega-del-evoscent-set-no-5-business-standard-a-oman-autoentrega\/\" target=\"_blank\" rel=\"noreferrer noopener\">entrega <strong>EvoScent Set No. 5 Business-Standard<\/strong> (2 conjuntos de presentaci\u00f3n + 4 botellas 75ml) AUTOENTREGA <strong>10$<\/strong><\/a><br><a href=\"https:\/\/evoscents.com\/es\/producto\/pago-de-la-entrega-del-evoscent-set-no-6-business-light-a-oman-autoentrega\/\" data-type=\"link\" data-id=\"https:\/\/evoscents.com\/es\/producto\/pago-de-la-entrega-del-evoscent-set-no-6-business-light-a-oman-autoentrega\/\" target=\"_blank\" rel=\"noreferrer noopener\">entrega <strong>EvoScent Set No. 6 Business-Light<\/strong> (2 conjuntos de presentaci\u00f3n + 8 botellas 75ml) AUTOENTREGA <strong>12$<\/strong><\/a><br><a href=\"https:\/\/evoscents.com\/es\/producto\/pago-de-la-entrega-del-evoscent-set-no-7-business-medium-a-oman-autoentrega\/\" data-type=\"link\" data-id=\"https:\/\/evoscents.com\/es\/producto\/pago-de-la-entrega-del-evoscent-set-no-7-business-medium-a-oman-autoentrega\/\" target=\"_blank\" rel=\"noreferrer noopener\">entrega <strong>EvoScent Set No. 7 Business-Medium<\/strong> (2 conjuntos de presentaci\u00f3n + 17 botellas 75ml) AUTOENTREGA <strong>25$<\/strong><\/a><br><a href=\"https:\/\/evoscents.com\/es\/producto\/pago-de-la-entrega-del-evoscent-set-no-8-business-hight-a-oman-autoentrega\/\" data-type=\"link\" data-id=\"https:\/\/evoscents.com\/es\/producto\/pago-de-la-entrega-del-evoscent-set-no-8-business-hight-a-oman-autoentrega\/\" target=\"_blank\" rel=\"noreferrer noopener\">entrega <strong>EvoScent Set No. 8 Business-Hight<\/strong> (2 conjuntos de presentaci\u00f3n + 28 botellas 75ml) AUTOENTREGA <strong>30$<\/strong><\/a><br><a href=\"https:\/\/evoscents.com\/es\/producto\/pago-de-la-entrega-del-evoscent-set-no-9-business-gold-a-oman-autoentrega\/\" data-type=\"link\" data-id=\"https:\/\/evoscents.com\/es\/producto\/pago-de-la-entrega-del-evoscent-set-no-9-business-gold-a-oman-autoentrega\/\" target=\"_blank\" rel=\"noreferrer noopener\">entrega <strong>EvoScent Set No. 9 Business-Gold<\/strong> (2 conjuntos de presentaci\u00f3n + 37 botellas 75ml) AUTOENTREGA <strong>40$<\/strong><\/a><br><a href=\"https:\/\/evoscents.com\/es\/producto\/pago-de-la-entrega-del-evoscent-set-no-10-business-platinum-a-oman-autoentrega\/\" data-type=\"link\" data-id=\"https:\/\/evoscents.com\/es\/producto\/pago-de-la-entrega-del-evoscent-set-no-10-business-platinum-a-oman-autoentrega\/\" target=\"_blank\" rel=\"noreferrer noopener\">entrega <strong>EvoScent Set No. 10 Business-Platinum<\/strong> (2 conjuntos de presentaci\u00f3n + 56 botellas 75ml) AUTOENTREGA <strong>60$<\/strong><\/a><\/p>\n\n\n\n<p><strong><em>Si usted compr\u00f3 paquetes en la etapa 6 del programa, el costo de los paquetes 5, 7 y 10 ser\u00e1 diferente, utilice los siguientes enlaces para pagar el env\u00edo:<\/em><\/strong><\/p>\n\n\n\n<p><a href=\"https:\/\/evoscents.com\/es\/producto\/pago-de-la-entrega-del-evoscent-set-no-5-business-standard-a-oman-6-etapa-autoentrega\/\" data-type=\"link\" data-id=\"https:\/\/evoscents.com\/es\/producto\/pago-de-la-entrega-del-evoscent-set-no-5-business-standard-a-oman-6-etapa-autoentrega\/\" target=\"_blank\" rel=\"noreferrer noopener\">entrega <strong>EvoScent Set No. 5 Business-Standard<\/strong> (3 conjuntos de presentaci\u00f3n + 6 botellas 75ml) AUTOENTREGA <strong>12$<\/strong><\/a><br><a href=\"https:\/\/evoscents.com\/es\/producto\/pago-de-la-entrega-del-evoscent-set-no-7-business-medium-a-oman-6-etapa-autoentrega\/\" data-type=\"link\" data-id=\"https:\/\/evoscents.com\/es\/producto\/pago-de-la-entrega-del-evoscent-set-no-7-business-medium-a-oman-6-etapa-autoentrega\/\" target=\"_blank\" rel=\"noreferrer noopener\">entrega <strong>EvoScent Set No. 7 Business-Medium<\/strong> (5 conjuntos de presentaci\u00f3n + 24 botellas 75ml) AUTOENTREGA <strong>30$<\/strong><\/a><br><a href=\"https:\/\/evoscents.com\/es\/producto\/pago-de-la-entrega-del-evoscent-set-no-10-business-platinum-a-oman-6-etapa-autoentrega\/\" data-type=\"link\" data-id=\"https:\/\/evoscents.com\/es\/producto\/pago-de-la-entrega-del-evoscent-set-no-10-business-platinum-a-oman-6-etapa-autoentrega\/\" target=\"_blank\" rel=\"noreferrer noopener\">entrega <strong>EvoScent Set No. 10 Business-Platinum<\/strong> (10 conjuntos de presentaci\u00f3n + 68 botellas 75ml) AUTOENTREGA <strong>75$<\/strong><\/a><\/p>\n\n\n\n<p><strong>AGENCIA DE SERVICIOS DE OM\u00c1N PARA RECOGIDA (AUTOENTREGA)<\/strong><\/p>\n\n\n\n<p>Direcci\u00f3n: INSPIRATION DESIGN<br>M FLOOR<br>BLDG. NO: 413<br>WAY NO: 2816<br>REX ROAD RUWI<br>NEXT TO BOMBAY SWEETS &amp; AMANA SHOPPING<br>MUSCAT<br>SULTANATE OF OMAN<br>P\u00f3ngase en contacto con el Sr.Uttam Kotian en: +968 99337541<\/p>\n\n\n\n<p><\/p>\n\n\n\n<p><strong>PRECIOS DE ENV\u00cdO A EMIRATOS \u00c1RABES UNIDOS<\/strong><\/p>\n\n\n\n<p><a rel=\"noreferrer noopener\" href=\"https:\/\/evoscents.com\/es\/producto\/payment-for-delivery-of-the-evoscent-set-no-1-basic-to-uae\/\" target=\"_blank\">entrega <strong>EvoScent Set No.1 Basic<\/strong> (1 conjunto de presentaci\u00f3n) <strong>6$<\/strong><\/a><br><a rel=\"noreferrer noopener\" href=\"https:\/\/evoscents.com\/es\/producto\/payment-for-delivery-of-the-evoscent-set-no-2-classic-to-uae\/\" target=\"_blank\">entrega <strong>EvoScent Set No.2 Classic<\/strong> (2 conjuntos de presentaci\u00f3n) <strong>7$<\/strong><\/a><br><a rel=\"noreferrer noopener\" href=\"https:\/\/evoscents.com\/es\/producto\/payment-for-delivery-of-the-evoscent-set-no-3-classic-ultra-to-uae\/\" target=\"_blank\">entrega <strong>EvoScent Set No.3 Classic-Ultra<\/strong> (1 conjunto de presentaci\u00f3n + 1 botella 75ml) <strong>8$<\/strong><\/a><br><a rel=\"noreferrer noopener\" href=\"https:\/\/evoscents.com\/es\/producto\/payment-for-delivery-of-the-evoscent-set-no-4-classic-max-to-uae-2\/\" target=\"_blank\">entrega <strong>EvoScent Set No. 4 Classic-Max<\/strong> (1 conjunto de presentaci\u00f3n + 2 botellas 75ml) <strong>10$<\/strong><\/a><br><a rel=\"noreferrer noopener\" href=\"https:\/\/evoscents.com\/es\/producto\/payment-for-delivery-of-the-evoscent-set-no-5-business-standard-to-uae\/\" target=\"_blank\">entrega <strong>EvoScent Set No. 5 Business-Standard<\/strong> (2 conjuntos de presentaci\u00f3n + 4 botellas 75ml) <strong>11$<\/strong><\/a><br><a href=\"https:\/\/evoscents.com\/es\/producto\/payment-for-delivery-of-the-evoscent-set-no-6-business-light-to-uae\/\" target=\"_blank\" rel=\"noreferrer noopener\">entrega <strong>EvoScent Set No. 6 Business-Light<\/strong> (2 conjuntos de presentaci\u00f3n + 8 botellas 75ml) <strong>12$<\/strong><\/a><br><a href=\"https:\/\/evoscents.com\/es\/producto\/payment-for-delivery-of-the-evoscent-set-no-7-business-medium-to-uae\/\" target=\"_blank\" rel=\"noreferrer noopener\">entrega <strong>EvoScent Set No. 7 Business-Medium<\/strong> (2 conjuntos de presentaci\u00f3n + 17 botellas 75ml) <strong>16$<\/strong><\/a><br><a href=\"https:\/\/evoscents.com\/es\/producto\/payment-for-delivery-of-the-evoscent-set-no-8-business-hight-to-uae\/\" target=\"_blank\" rel=\"noreferrer noopener\">entrega <strong>EvoScent Set No. 8 Business-Hight<\/strong> (2 conjuntos de presentaci\u00f3n + 28 botellas 75ml) <strong>18$<\/strong><\/a><br><a href=\"https:\/\/evoscents.com\/es\/producto\/payment-for-delivery-of-the-evoscent-set-no-9-business-gold-to-uae\/\" target=\"_blank\" rel=\"noreferrer noopener\">entrega <strong>EvoScent Set No. 9 Business-Gold<\/strong> (2 conjuntos de presentaci\u00f3n + 37 botellas 75ml) <strong>22$<\/strong><\/a><br><a href=\"https:\/\/evoscents.com\/es\/producto\/payment-for-delivery-of-the-evoscent-set-no-10-business-platinum-to-uae\/\" target=\"_blank\" rel=\"noreferrer noopener\">entrega <strong>EvoScent Set No. 10 Business-Platinum<\/strong> (2 conjuntos de presentaci\u00f3n + 56 botellas 75ml) <strong>28$<\/strong><\/a><\/p>\n\n\n\n<p><strong><em>Si compr\u00f3 paquetes en la etapa 6 del programa, el costo del paquete 10 ser\u00e1 diferente, use el siguiente enlace para pagar la entrega:<\/em><\/strong><\/p>\n\n\n\n<p><a rel=\"noreferrer noopener\" href=\"https:\/\/evoscents.com\/es\/producto\/payment-for-delivery-of-the-evoscent-set-no-10-business-platinum-to-uae-6-stage\/\" target=\"_blank\">entrega <strong>EvoScent Set No. 10 Business-Platinum<\/strong> (10 conjuntos de presentaci\u00f3n + 68 botellas 75ml) <strong>40$<\/strong><\/a><\/p>\n\n\n\n<p><\/p>\n\n\n\n<p>Si tienes m\u00e1s preguntas, no dudes en preguntar a <a href=\"https:\/\/evoscents.com\/es\/support\/\" target=\"_blank\" rel=\"noreferrer noopener\">servicio de soporte<\/a>.<\/p>\n<\/div>","protected":false},"excerpt":{"rendered":"<strong>ATENCI\u00d3N:<\/strong>\n\n\n\n\nSi los paquetes de EvoScent que pagaste incluyen 1, 2 o 4 frascos de 75 ml, deber\u00e1s seleccionar la cantidad adecuada de fragancias <strong>y escribe sus nombres en la nota de orden<\/strong> (puedes elegir un m\u00e1ximo <strong>de 1 frasco de la misma<\/strong> fragancia)&#8230;.","protected":false},"author":1,"featured_media":0,"parent":0,"menu_order":0,"comment_status":"closed","ping_status":"closed","template":"","meta":{"inline_featured_image":false,"footnotes":""},"_links":{"self":[{"href":"https:\/\/evoscents.com\/es\/wp-json\/wp\/v2\/pages\/20648"}],"collection":[{"href":"https:\/\/evoscents.com\/es\/wp-json\/wp\/v2\/pages"}],"about":[{"href":"https:\/\/evoscents.com\/es\/wp-json\/wp\/v2\/types\/page"}],"author":[{"embeddable":true,"href":"https:\/\/evoscents.com\/es\/wp-json\/wp\/v2\/users\/1"}],"replies":[{"embeddable":true,"href":"https:\/\/evoscents.com\/es\/wp-json\/wp\/v2\/comments?post=20648"}],"version-history":[{"count":61,"href":"https:\/\/evoscents.com\/es\/wp-json\/wp\/v2\/pages\/20648\/revisions"}],"predecessor-version":[{"id":21100,"href":"https:\/\/evoscents.com\/es\/wp-json\/wp\/v2\/pages\/20648\/revisions\/21100"}],"wp:attachment":[{"href":"https:\/\/evoscents.com\/es\/wp-json\/wp\/v2\/media?parent=20648"}],"curies":[{"name":"wp","href":"https:\/\/api.w.org\/{rel}","templated":true}]}}