{"id":19324,"date":"2022-10-28T19:11:57","date_gmt":"2022-10-28T16:11:57","guid":{"rendered":"https:\/\/evoscents.com\/pre-order-kit-options\/"},"modified":"2024-05-16T10:39:58","modified_gmt":"2024-05-16T07:39:58","slug":"pre-order-kit-options","status":"publish","type":"page","link":"https:\/\/evoscents.com\/es\/pre-order-kit-options\/","title":{"rendered":"Opciones de pedido anticipado"},"content":{"rendered":"<div id=\"modal-ready\">\n<p>La colecci\u00f3n EvoScent consta de 8 fragancias \u00fanicas, cada una de las cuales tiene su propia idea y concepto \u00fanico, cada una tiene su propia serie de aromas.<\/p>\n\n\n\n<p><\/p>\n<\/div>","protected":false},"excerpt":{"rendered":"La colecci\u00f3n EvoScent consta de 8 fragancias \u00fanicas, cada una de las cuales tiene su propia idea y concepto \u00fanico, cada una tiene su propia serie de aromas&#8230;.","protected":false},"author":9176,"featured_media":0,"parent":0,"menu_order":0,"comment_status":"closed","ping_status":"closed","template":"template-parts\/sets.php","meta":{"inline_featured_image":false,"footnotes":""},"_links":{"self":[{"href":"https:\/\/evoscents.com\/es\/wp-json\/wp\/v2\/pages\/19324"}],"collection":[{"href":"https:\/\/evoscents.com\/es\/wp-json\/wp\/v2\/pages"}],"about":[{"href":"https:\/\/evoscents.com\/es\/wp-json\/wp\/v2\/types\/page"}],"author":[{"embeddable":true,"href":"https:\/\/evoscents.com\/es\/wp-json\/wp\/v2\/users\/9176"}],"replies":[{"embeddable":true,"href":"https:\/\/evoscents.com\/es\/wp-json\/wp\/v2\/comments?post=19324"}],"version-history":[{"count":9,"href":"https:\/\/evoscents.com\/es\/wp-json\/wp\/v2\/pages\/19324\/revisions"}],"predecessor-version":[{"id":21317,"href":"https:\/\/evoscents.com\/es\/wp-json\/wp\/v2\/pages\/19324\/revisions\/21317"}],"wp:attachment":[{"href":"https:\/\/evoscents.com\/es\/wp-json\/wp\/v2\/media?parent=19324"}],"curies":[{"name":"wp","href":"https:\/\/api.w.org\/{rel}","templated":true}]}}