{"id":12778,"date":"2021-11-16T20:47:32","date_gmt":"2021-11-16T17:47:32","guid":{"rendered":"https:\/\/evoscents.com\/?page_id=12778"},"modified":"2022-06-14T14:54:19","modified_gmt":"2022-06-14T11:54:19","slug":"privacy-policy","status":"publish","type":"page","link":"https:\/\/evoscents.com\/es\/privacy-policy\/","title":{"rendered":"Pol\u00edtica de privacidad"},"content":{"rendered":"<div id=\"modal-ready\">\n<p>Nuestra Pol\u00edtica de privacidad menciona varios casos en los que necesitamos informaci\u00f3n para identificarlo personalmente. Por lo general, esto incluir\u00e1 una direcci\u00f3n de correo electr\u00f3nico para iniciar sesi\u00f3n a trav\u00e9s de EvoScent, y para administrar su cuenta personal.<\/p>\n\n\n\n<p>Adem\u00e1s, para que pueda realizar compras, depositar y retirar dinero a su cuenta personal, y realizar otras operaciones en su cuenta personal, necesitaremos datos que confirmen su identidad, as\u00ed como su informaci\u00f3n de contacto, \u00fanicamente para que podamos garantizar la seguridad necesaria de sus compras, transacciones en su cuenta personal, obsequios, bonificaciones, as\u00ed como brindarle retroalimentaci\u00f3n con los mismos fines.<\/p>\n\n\n\n<p>Al registrarse en el sitio web https: \/\/evoscents.com, especificando informaci\u00f3n sobre usted, acepta el procesamiento de EvoScent (a saber: recopilaci\u00f3n, acumulaci\u00f3n, sistematizaci\u00f3n, ubicaci\u00f3n de almacenamiento, aclaraci\u00f3n, uso, distribuci\u00f3n, despersonalizaci\u00f3n, bloqueo, destrucci\u00f3n) de sus datos personales e instruye al propietario, si es necesario, para que publique sus datos en su totalidad o en parte para la prestaci\u00f3n de servicios de alta calidad de acuerdo con los t\u00e9rminos del Acuerdo de Asociaci\u00f3n.<\/p>\n\n\n\n<p>Al aceptar, usted confirma que asume la responsabilidad de la exactitud y confiabilidad de sus datos personales especificados durante el registro, su actualizaci\u00f3n oportuna. Se le solicita que proporcione con prontitud documentos que confirmen la autenticidad de los datos personales que proporciona, a fin de ser identificado con precisi\u00f3n seg\u00fan lo solicitado por EvoScent.<\/p>\n\n\n\n<p>Su informaci\u00f3n, que ingresa voluntariamente en el formulario de registro en el sitio web de la empresa, se utiliza para brindarle y darle servicios, para analizar solicitudes, preguntas, reclamos e intereses de los usuarios. Por ejemplo, para ayudarle a realizar las operaciones necesarias en su cuenta, para realizar consultas, mantenerse en contacto con usted, brindarle servicios y brindarle soporte t\u00e9cnico, notificarle sobre cambios en el trabajo de los servicios de la empresa, sobre promociones vigentes, grandes ofertas, obsequios de la empresa, y tambi\u00e9n configurar una lista de correo, ofertas que le interesen.<\/p>\n\n\n\n<p>Al mismo tiempo, EvoScent se compromete a no distribuir datos personales a terceros sin los motivos legales y necesarios de acuerdo con la legislaci\u00f3n del lugar de registro de la Compa\u00f1\u00eda.<\/p>\n\n\n\n<p>Siempre puede darse de baja del env\u00edo de informaci\u00f3n \u00fatil y de referencia que le proporcionamos.<\/p>\n\n\n\n<p>Si desea cambiar sus preferencias ahora o m\u00e1s adelante, puede hacerlo cada vez que visite su cuenta personal o comunic\u00e1ndose con nuestro Servicio de Soporte.<\/p>\n\n\n\n<p>EvoScent est\u00e1 tomando todas las medidas necesarias para cumplir con las leyes aplicables en Dubai, Emiratos \u00c1rabes Unidos.<\/p>\n<\/div>","protected":false},"excerpt":{"rendered":"Nuestra Pol\u00edtica de privacidad menciona varios casos en los que necesitamos informaci\u00f3n para identificarlo personalmente. Por lo general, esto incluir\u00e1 una direcci\u00f3n de correo electr\u00f3nico para iniciar sesi\u00f3n a trav\u00e9s de EvoScent,&#8230;","protected":false},"author":1,"featured_media":0,"parent":0,"menu_order":0,"comment_status":"closed","ping_status":"closed","template":"","meta":{"inline_featured_image":false,"footnotes":""},"_links":{"self":[{"href":"https:\/\/evoscents.com\/es\/wp-json\/wp\/v2\/pages\/12778"}],"collection":[{"href":"https:\/\/evoscents.com\/es\/wp-json\/wp\/v2\/pages"}],"about":[{"href":"https:\/\/evoscents.com\/es\/wp-json\/wp\/v2\/types\/page"}],"author":[{"embeddable":true,"href":"https:\/\/evoscents.com\/es\/wp-json\/wp\/v2\/users\/1"}],"replies":[{"embeddable":true,"href":"https:\/\/evoscents.com\/es\/wp-json\/wp\/v2\/comments?post=12778"}],"version-history":[{"count":1,"href":"https:\/\/evoscents.com\/es\/wp-json\/wp\/v2\/pages\/12778\/revisions"}],"predecessor-version":[{"id":17954,"href":"https:\/\/evoscents.com\/es\/wp-json\/wp\/v2\/pages\/12778\/revisions\/17954"}],"wp:attachment":[{"href":"https:\/\/evoscents.com\/es\/wp-json\/wp\/v2\/media?parent=12778"}],"curies":[{"name":"wp","href":"https:\/\/api.w.org\/{rel}","templated":true}]}}