{"id":12446,"date":"2021-11-15T23:29:19","date_gmt":"2021-11-15T20:29:19","guid":{"rendered":"https:\/\/evoscents.com\/terminos-y-condiciones\/"},"modified":"2022-10-29T08:34:27","modified_gmt":"2022-10-29T05:34:27","slug":"terminos-y-condiciones","status":"publish","type":"page","link":"https:\/\/evoscents.com\/es\/terminos-y-condiciones\/","title":{"rendered":"T\u00e9rminos y condiciones"},"content":{"rendered":"<div id=\"modal-ready\">\n<h2 class=\"has-text-align-center wp-block-heading\" id=\"terminos-y-condiciones-del-sitio-web\">T\u00e9rminos y condiciones del sitio web<\/h2>\n\n\n\n<p>Estos t\u00e9rminos y condiciones establecen las reglas y regulaciones para el uso del sitio web de la Compa\u00f1\u00eda ubicado en: &#8211; evoscents.com. Estos son los t\u00e9rminos y condiciones EVOSCENT PERFUMES &amp; COSMETICS TRADING CO. L.L.C, en adelante &#8211; la Compa\u00f1\u00eda.<\/p>\n\n\n\n<p>Al acceder a este sitio web, asumimos que acepta estos t\u00e9rminos y condiciones. No contin\u00fae utilizando el Sitio si no acepta todos los t\u00e9rminos y condiciones establecidos en esta p\u00e1gina..<\/p>\n\n\n\n<p>La siguiente terminolog\u00eda se aplica a estos T\u00e9rminos y Condiciones, la Declaraci\u00f3n de Privacidad y Exenci\u00f3n de Responsabilidad, y todos los Acuerdos: &#8220;Cliente&#8221;, &#8220;Usted&#8221; y &#8220;Su&#8221; se refieren a usted, la persona registrada en este sitio web y los t\u00e9rminos y condiciones relevantes del Empresa. \u201cCompa\u00f1\u00eda\u201d, \u201cNosotros\u201d, \u201cNuestro\u201d y \u201cNos\u201d se refieren a nuestra Compa\u00f1\u00eda. &#8220;Parte&#8221;, &#8220;Partes&#8221; o &#8220;Nosotros&#8221; se refiere tanto al Cliente como a nosotros mismos. Todas las condiciones se refieren a la oferta, aceptaci\u00f3n y consideraci\u00f3n del pago necesario para llevar a cabo el proceso de nuestra asistencia al Cliente de la forma m\u00e1s adecuada con el prop\u00f3sito expl\u00edcito de satisfacer las necesidades del Cliente en relaci\u00f3n a la prestaci\u00f3n de los servicios declarado por la Compa\u00f1\u00eda de acuerdo con la legislaci\u00f3n vigente de los Pa\u00edses Bajos y con esto en mente. Cualquier uso de la terminolog\u00eda anterior u otras palabras en singular, plural, en may\u00fasculas y \/ o \u00e9l \/ ella o ellas se consideran intercambiables y por lo tanto se refieren a lo mismo.<\/p>\n\n\n\n<h3 class=\"wp-block-heading\" id=\"cookies\">Cookies<\/h3>\n\n\n\n<p>Usamos cookies. Al acceder al sitio web, ha aceptado utilizar cookies de acuerdo con la Pol\u00edtica de privacidad de la Compa\u00f1\u00eda.<\/p>\n\n\n\n<p>La mayor\u00eda de los sitios web interactivos utilizan cookies para permitirnos recuperar informaci\u00f3n sobre el usuario cada vez que lo visita. Nuestro sitio web utiliza cookies para proporcionar funcionalidad en ciertas \u00e1reas para facilitar que las personas visiten nuestro sitio web. Algunos de nuestros socios \/ socios publicitarios tambi\u00e9n pueden utilizar cookies.<\/p>\n\n\n\n<h3 class=\"wp-block-heading\" id=\"licencia\">Licencia<\/h3>\n\n\n\n<p>A menos que se indique lo contrario, la Compa\u00f1\u00eda y \/ o sus licenciantes poseen los derechos de propiedad intelectual en todos los materiales en el sitio web. Todos los derechos de propiedad intelectual reservados. Puede acceder a esta informaci\u00f3n desde el sitio web para su uso personal sujeto a las restricciones establecidas en estos t\u00e9rminos y condiciones.<\/p>\n\n\n\n<h3 class=\"wp-block-heading\" id=\"usted-no-debe\">Usted no debe:<\/h3>\n\n\n\n<ul><li>Copiar y publicar material del sitio web<\/li><li>Vender, alquilar o sublicenciar materiales del sitio web<\/li><li>Reproducir, duplicar o copiar materiales del sitio web.<\/li><li>Distribuir contenido del sitio web<\/li><li>Este Acuerdo entrar\u00e1 en vigor a partir de la fecha de su firma.<\/li><\/ul>\n\n\n\n<p><br>Algunas partes de este sitio web brindan a los usuarios la posibilidad de publicar e intercambiar opiniones e informaci\u00f3n en \u00e1reas espec\u00edficas del sitio web. La Compa\u00f1\u00eda no filtra, edita, publica ni revisa los Comentarios antes de que aparezcan en el sitio web. Los comentarios no reflejan los puntos de vista y opiniones de la Compa\u00f1\u00eda, sus agentes y \/ o afiliados. Los comentarios reflejan los puntos de vista y opiniones de la persona que publica sus puntos de vista y opiniones. En la medida en que lo permita la ley aplicable, la Compa\u00f1\u00eda no es responsable de los Comentarios o de cualquier responsabilidad, da\u00f1o o gasto incurrido y \/ o incurrido como resultado de cualquier uso y \/ o publicaci\u00f3n y \/ o aparici\u00f3n de Comentarios en este sitio web.<\/p>\n\n\n\n<p>La Compa\u00f1\u00eda se reserva el derecho de rastrear todos los Comentarios y eliminar cualquier Comentario que pueda considerarse inapropiado, ofensivo o en violaci\u00f3n de estos T\u00e9rminos y Condiciones.<\/p>\n\n\n\n<h3 class=\"wp-block-heading\" id=\"usted-garantiza-y-manifiesta-que\">Usted garantiza y manifiesta que:<\/h3>\n\n\n\n<ul><li>Tiene derecho a publicar comentarios en nuestro sitio web y tiene todas las licencias y consentimientos necesarios para hacerlo;<\/li><li>Los comentarios no infringen ning\u00fan derecho de propiedad intelectual, incluidos, entre otros, los derechos de autor, patentes o marcas comerciales de terceros;<\/li><li>Los comentarios no contienen ning\u00fan material difamatorio, ofensivo, obsceno u otro material ilegal que sea una invasi\u00f3n de la privacidad.<\/li><li>Los Comentarios no se utilizar\u00e1n para solicitar o promover negocios o actividades comerciales personalizadas o presentes o actividades ilegales.<\/li><li>Por la presente, otorga a la Compa\u00f1\u00eda una licencia no exclusiva para usar, reproducir, editar y autorizar a otros a usar, reproducir y editar cualquiera de sus Comentarios en cualquier forma, formato o medio.<\/li><\/ul>\n\n\n\n<h3 class=\"wp-block-heading\" id=\"hiperenlace-a-nuestro-contenido\">Hiperenlace a nuestro contenido<\/h3>\n\n\n\n<ul><li>Las siguientes organizaciones pueden vincularse a nuestro sitio web sin permiso previo por escrito:<\/li><li>Instituciones del Estado;<\/li><li>Sistemas de b\u00fasqueda;<\/li><li>Organizaciones de noticias;<\/li><li>Los distribuidores de directorios en l\u00ednea pueden enlazar a nuestro sitio web de la misma manera que enlazan a los sitios web de otras empresas que cotizan en bolsa; y<\/li><li>Empresas acreditadas en todo el sistema, excluidas las organizaciones sin fines de lucro, los centros comerciales de caridad y los grupos de recaudaci\u00f3n de fondos de caridad, que no pueden enlazar con nuestro sitio web.<\/li><li>Estas organizaciones pueden enlazar a nuestra p\u00e1gina de inicio, publicaciones u otra informaci\u00f3n del sitio web si el enlace es: (a) no es enga\u00f1oso de ninguna manera; (b) no implica falsamente patrocinio, defensa o respaldo de la parte remitente y sus productos y \/ o servicios; y (c) encaja en el contexto del sitio de la parte remitente.<\/li><\/ul>\n\n\n\n<h3 class=\"wp-block-heading\" id=\"podemos-revisar-y-aprobar-otras-solicitudes-de-enlaces-de-los-siguientes-tipos-de-organizaciones\">Podemos revisar y aprobar otras solicitudes de enlaces de los siguientes tipos de organizaciones:<\/h3>\n\n\n\n<ul><li>fuentes com\u00fanmente conocidas de informaci\u00f3n comercial y \/ o de consumidores;<\/li><li>sitios dot.com de la comunidades;<\/li><li>asociaciones u otros grupos que representan a organizaciones ben\u00e9ficas;<\/li><li>cat\u00e1logo en l\u00ednea de distribuidores;<\/li><li>portales de internet;<\/li><li>firmas contables, legales y de consultor\u00eda;<\/li><li>as\u00ed como instituciones educativas y asociaciones comerciales.<\/li><\/ul>\n\n\n\n<p>Aprobaremos las solicitudes de enlace de estas organizaciones si determinamos que: (a) el enlace no nos hace parecer desfavorable para nosotros mismos o para nuestras empresas acreditadas; (b) la organizaci\u00f3n no tiene antecedentes negativos con nosotros; (c) el beneficio para nosotros de la visibilidad del hiperenlace compensa la ausencia del nombre de la empresa; y (d) el enlace est\u00e1 en el contexto de informaci\u00f3n general de recursos.<\/p>\n\n\n\n<p>Estas organizaciones pueden enlazar a nuestra p\u00e1gina de inicio, siempre que el enlace sea: (a) no es enga\u00f1oso de ninguna manera; (b) no implica patrocinio, apoyo o respaldo falso de la parte remitente y sus productos o servicios; y (c) encaja en el contexto del sitio de la parte remitente.<\/p>\n\n\n\n<p>Si usted es una de las organizaciones enumeradas en el p\u00e1rrafo 2 anterior y est\u00e1 interesado en vincularse a nuestro sitio web, debe informarnos enviando un correo electr\u00f3nico al nombre de la empresa. Incluya su nombre, el nombre de su organizaci\u00f3n, la informaci\u00f3n de contacto, as\u00ed como la URL de su sitio web, una lista de las URL desde las que desea navegar a nuestro sitio web y una lista de las URL de nuestro sitio web a las que le gustar\u00eda ir. Espere 2-3 semanas para recibir una respuesta.<\/p>\n\n\n\n<h3 class=\"wp-block-heading\" id=\"las-organizaciones-aprobadas-pueden-vincularse-a-nuestro-sitio-web-de-la-siguiente-manera\">Las organizaciones aprobadas pueden vincularse a nuestro sitio web de la siguiente manera:<\/h3>\n\n\n\n<ul><li>Usando nuestra marca; o<\/li><li>Utilizando un \u00fanico localizador de recursos al que est\u00e1 asociado el enlace; o<\/li><li>Mediante el uso de cualquier otra descripci\u00f3n de nuestro sitio web vinculado que tenga sentido en el contexto y formato del contenido en el sitio de la parte de referencia.<\/li><li>Ning\u00fan logotipo de la empresa u otra obra de arte se puede utilizar como referencia sin un acuerdo de licencia de marca comercial.<\/li><\/ul>\n\n\n\n<h3 class=\"wp-block-heading\" id=\"iframes\">iFrames<\/h3>\n\n\n\n<p>Sin la aprobaci\u00f3n previa y el permiso por escrito, no puede crear marcos alrededor de nuestras p\u00e1ginas web que de alguna manera alteren la presentaci\u00f3n visual o la apariencia de nuestro sitio web.<\/p>\n\n\n\n<h3 class=\"wp-block-heading\" id=\"responsabilidad-por-el-contenido\">Responsabilidad por el contenido<\/h3>\n\n\n\n<p>No somos responsables de ning\u00fan contenido que aparezca en su sitio web. Usted acepta defendernos y protegernos de todas las reclamaciones que surjan de su sitio web. Ning\u00fan sitio web debe mostrar enlaces que puedan interpretarse como difamatorios, obscenos o criminales, o que violen, violen o defiendan una violaci\u00f3n u otra violaci\u00f3n de los derechos de terceros.<\/p>\n\n\n\n<h3 class=\"wp-block-heading\" id=\"reserva-de-derechos\">Reserva de derechos<\/h3>\n\n\n\n<p>Nos reservamos el derecho a solicitar que elimine todos los enlaces o cualquier enlace espec\u00edfico a nuestro sitio web. Usted acepta eliminar de inmediato todos los enlaces a nuestro sitio web cuando lo solicite. Tambi\u00e9n nos reservamos el derecho de cambiar estos t\u00e9rminos y condiciones y la pol\u00edtica de enlaces en cualquier momento. Al continuar con el enlace a nuestro sitio web, usted acepta seguir y estar sujeto a estos t\u00e9rminos y condiciones de enlace.<\/p>\n\n\n\n<h3 class=\"wp-block-heading\" id=\"eliminar-enlaces-de-nuestro-sitio-web\">Eliminar enlaces de nuestro sitio web<\/h3>\n\n\n\n<p>Si encuentra alg\u00fan enlace en nuestro sitio web que sea ofensivo por cualquier motivo, puede contactarnos e informarlo en cualquier momento. Consideraremos las solicitudes para eliminar enlaces, pero no estamos obligados a responderle directamente.<\/p>\n\n\n\n<p>No garantizamos la fidelidad de la informaci\u00f3n en este sitio web, no garantizamos su integridad o exactitud; Tampoco hacemos ninguna promesa de garantizar que el sitio web est\u00e9 disponible o que el material en el sitio web est\u00e9 actualizado.<\/p>\n\n\n\n<h3 class=\"wp-block-heading\" id=\"descargo-de-responsabilidad\">Descargo de responsabilidad:<\/h3>\n\n\n\n<p>En la medida m\u00e1xima permitida por la ley aplicable, excluimos todas las declaraciones, garant\u00edas y condiciones relacionadas con nuestro sitio web y el uso de ese sitio web. Nada en este descargo de responsabilidad puede:<\/p>\n\n\n\n<ul><li>limitar o excluir nuestra responsabilidad o la suya por muerte o lesiones personales;<\/li><li>limitar o excluir nuestra responsabilidad o la suya por fraude o tergiversaci\u00f3n fraudulenta;<\/li><li>limitar cualquiera de nuestras responsabilidades o las suyas de cualquier manera que no est\u00e9 permitida por la ley aplicable; o<\/li><li>excluir cualquiera de nuestras responsabilidades o las suyas que no puedan estar excluidas seg\u00fan la ley aplicable.<\/li><li>Las limitaciones y prohibiciones de responsabilidad establecidas en esta Secci\u00f3n y en otras partes de este descargo de responsabilidad: (a) est\u00e1n sujetas al p\u00e1rrafo anterior;y (b) regir\u00e1 todas las responsabilidades que surjan en virtud de la exenci\u00f3n de responsabilidad, incluidas las responsabilidades que surjan en el contrato, en agravio y por incumplimiento de la obligaci\u00f3n legal.<\/li><li>Siempre que el sitio web y la informaci\u00f3n y los servicios en el sitio web se proporcionen de forma gratuita, no seremos responsables de ninguna p\u00e9rdida o da\u00f1o de cualquier naturaleza.<\/li><\/ul>\n\n\n\n<h3 class=\"wp-block-heading\" id=\"preguntas\"><strong>PREGUNTAS<\/strong><\/h3>\n\n\n\n<p>Si tiene alguna pregunta sobre nuestra pol\u00edtica de devoluciones, comun\u00edquese con nosotros:<\/p>\n\n\n\n<p>971555460619<br>SAHIR_K65@HOTMAIL.COM<\/p>\n\n\n\n<hr class=\"wp-block-separator\" \/>\n\n\n\n<p>EVOSCENT Perfumes &amp; Cosmetics Trading CO. L.L.C L.L.C<br>Oficina No. 601-298, Bayan Business Center, DIP I, P.O. Box 418045, Dubai, Emiratos \u00c1rabes Unidos.<\/p>\n<\/div>","protected":false},"excerpt":{"rendered":"T\u00e9rminos y condiciones del sitio web\n\n\n\nEstos t\u00e9rminos y condiciones establecen las reglas y regulaciones para el uso del sitio web de la Compa\u00f1\u00eda ubicado en: &#8211;&#8230;","protected":false},"author":1,"featured_media":0,"parent":0,"menu_order":0,"comment_status":"closed","ping_status":"closed","template":"","meta":{"inline_featured_image":false,"footnotes":""},"_links":{"self":[{"href":"https:\/\/evoscents.com\/es\/wp-json\/wp\/v2\/pages\/12446"}],"collection":[{"href":"https:\/\/evoscents.com\/es\/wp-json\/wp\/v2\/pages"}],"about":[{"href":"https:\/\/evoscents.com\/es\/wp-json\/wp\/v2\/types\/page"}],"author":[{"embeddable":true,"href":"https:\/\/evoscents.com\/es\/wp-json\/wp\/v2\/users\/1"}],"replies":[{"embeddable":true,"href":"https:\/\/evoscents.com\/es\/wp-json\/wp\/v2\/comments?post=12446"}],"version-history":[{"count":1,"href":"https:\/\/evoscents.com\/es\/wp-json\/wp\/v2\/pages\/12446\/revisions"}],"predecessor-version":[{"id":19592,"href":"https:\/\/evoscents.com\/es\/wp-json\/wp\/v2\/pages\/12446\/revisions\/19592"}],"wp:attachment":[{"href":"https:\/\/evoscents.com\/es\/wp-json\/wp\/v2\/media?parent=12446"}],"curies":[{"name":"wp","href":"https:\/\/api.w.org\/{rel}","templated":true}]}}