{"id":12427,"date":"2021-11-15T22:03:52","date_gmt":"2021-11-15T19:03:52","guid":{"rendered":"https:\/\/evoscents.com\/condiciones-de-entrega\/"},"modified":"2023-05-17T15:06:23","modified_gmt":"2023-05-17T12:06:23","slug":"delivery-policy","status":"publish","type":"page","link":"https:\/\/evoscents.com\/es\/delivery-policy\/","title":{"rendered":"Condiciones de entrega"},"content":{"rendered":"<div id=\"modal-ready\">\n<ol><li><strong>Informaci\u00f3n b\u00e1sica<br><\/strong>Todos los pedidos est\u00e1n sujetos a disponibilidad. Si el art\u00edculo est\u00e1 agotado en el momento del pago, se lo notificaremos y le reembolsaremos el monto total. <br><\/li><li><strong>Lugar de entrega<br><\/strong>Los productos ofrecidos en nuestro sitio web solo est\u00e1n disponibles para su env\u00edo a las direcciones que se muestran en la Lista de pa\u00edses (<a href=\"https:\/\/evoscents.com\/es\/entrega\/\" target=\"_blank\" rel=\"noreferrer noopener\">Ap\u00e9ndice 1 de esta pol\u00edtica<\/a>).<br><\/li><li><strong>Plazos de entrega<br><\/strong>Se le proporcionar\u00e1 un tiempo de entrega estimado despu\u00e9s de realizar su pedido. Los plazos de entrega son orientativos y comienzan desde la fecha del env\u00edj, no desde la fecha del pedido. Los plazos de entrega est\u00e1n sujetos a la aceptaci\u00f3n y aprobaci\u00f3n de su pedido.<br>Al menos que surjan circunstancias excepcionales, nos esforzaremos por cumplir con su pedido dentro de los[20]  d\u00edas h\u00e1biles a partir de la fecha de su pedido.<br>La fecha de entrega puede variar seg\u00fan los m\u00e9todos de env\u00edo del transportista, el lugar de entrega, el m\u00e9todo de env\u00edo y los art\u00edculos pedidos. Los productos tambi\u00e9n se pueden entregar en env\u00edos separados.<br><\/li><li><strong>Costos de env\u00edo<br><\/strong>dependen del peso de su pedido y de la forma de env\u00edo. Para saber cu\u00e1nto costar\u00e1 su pedido, simplemente agregue los art\u00edculos que le gustar\u00eda comprar a su cesta y vaya a la p\u00e1gina de pago. El costo de env\u00edo se mostrar\u00e1 en la pantalla de pago.<br>Es posible que se apliquen cargos de env\u00edo adicionales en \u00e1reas remotas o para art\u00edculos voluminosos o pesados. Se le notificar\u00e1 de cualquier pago en la p\u00e1gina de pago.<br>El impuesto a las ventas se cobrar\u00e1 seg\u00fan la provincia o territorio al que se env\u00ede el art\u00edculo.<br>Puede encontrar precios aproximados en el <a href=\"https:\/\/evoscents.com\/es\/entrega\/\" target=\"_blank\" rel=\"noreferrer noopener\">Ap\u00e9ndice 1 de esta Pol\u00edtica<\/a>.<br><\/li><li><strong>Da\u00f1os a la mercanc\u00eda en tr\u00e1nsito.<br><\/strong> Si el paquete se da\u00f1a durante la entrega, comun\u00edquese con nosotros de inmediato.<br><\/li><li><strong>PREGUNTAS<br><\/strong>Si tiene alguna pregunta sobre nuestra pol\u00edtica de devoluciones, comun\u00edquese con nosotros en<br><br>971555460619<br>SAHIR_K65@HOTMAIL.COM<\/li><\/ol>\n\n\n\n<hr class=\"wp-block-separator\"\/>\n\n\n\n<p><strong>EVOSCENT PERFUMES &amp; COSMETICS TRADING CO. L.L.C<\/strong><br>Oficina No. 601-298, Bayan Business Center, DIP I, P.O. Box 418045, Dubai, Emiratos \u00c1rabes Unidos.<\/p>\n<\/div>","protected":false},"excerpt":{"rendered":"<strong>Informaci\u00f3n b\u00e1sica<\/strong>Todos los pedidos est\u00e1n sujetos a disponibilidad. Si el art\u00edculo est\u00e1 agotado en el momento del pago,&#8230;","protected":false},"author":1,"featured_media":0,"parent":0,"menu_order":0,"comment_status":"closed","ping_status":"closed","template":"","meta":{"inline_featured_image":false,"footnotes":""},"_links":{"self":[{"href":"https:\/\/evoscents.com\/es\/wp-json\/wp\/v2\/pages\/12427"}],"collection":[{"href":"https:\/\/evoscents.com\/es\/wp-json\/wp\/v2\/pages"}],"about":[{"href":"https:\/\/evoscents.com\/es\/wp-json\/wp\/v2\/types\/page"}],"author":[{"embeddable":true,"href":"https:\/\/evoscents.com\/es\/wp-json\/wp\/v2\/users\/1"}],"replies":[{"embeddable":true,"href":"https:\/\/evoscents.com\/es\/wp-json\/wp\/v2\/comments?post=12427"}],"version-history":[{"count":2,"href":"https:\/\/evoscents.com\/es\/wp-json\/wp\/v2\/pages\/12427\/revisions"}],"predecessor-version":[{"id":20747,"href":"https:\/\/evoscents.com\/es\/wp-json\/wp\/v2\/pages\/12427\/revisions\/20747"}],"wp:attachment":[{"href":"https:\/\/evoscents.com\/es\/wp-json\/wp\/v2\/media?parent=12427"}],"curies":[{"name":"wp","href":"https:\/\/api.w.org\/{rel}","templated":true}]}}