{"id":12384,"date":"2021-11-15T17:57:46","date_gmt":"2021-11-15T14:57:46","guid":{"rendered":"https:\/\/evoscents.com\/politica-de-devoluciones\/"},"modified":"2022-10-29T12:49:07","modified_gmt":"2022-10-29T09:49:07","slug":"refund-policy","status":"publish","type":"page","link":"https:\/\/evoscents.com\/es\/refund-policy\/","title":{"rendered":"Pol\u00edtica de devoluciones"},"content":{"rendered":"<div id=\"modal-ready\">\n<h2 class=\"wp-block-heading\" id=\"reembolso-y-cancelacion\">REEMBOLSO Y CANCELACI\u00d3N<\/h2>\n\n\n\n<p><br>Gracias por su compra. Esperamos que est\u00e9 satisfecho con su compra. Sin embargo, si por alguna raz\u00f3n no est\u00e1 completamente satisfecho con su compra, puede devolv\u00e9rnosla. Consulte a continuaci\u00f3n para obtener m\u00e1s informaci\u00f3n sobre nuestra pol\u00edtica de devoluciones.<br>&#8220;Reembolso y cancelacion&#8221; consta de los siguientes elementos:<\/p>\n\n\n\n<ul><li>Pol\u00edtica de devoluciones<\/li><li>Cancelaci\u00f3n de pedido<\/li><li>Reclamaciones por Pedidos no recibidos<\/li><\/ul>\n\n\n\n<h3 class=\"wp-block-heading\" id=\"politica-de-devoluciones\">Pol\u00edtica de devoluciones<\/h3>\n\n\n\n<p>Puede devolver cualquier art\u00edculo sin abrirlo en su estado original, incluido el embalaje original y la declaraci\u00f3n de mercanc\u00edas, dentro de los 30 d\u00edas posteriores a la recepci\u00f3n para obtener un reembolso completo menos el env\u00edo y cualquier pago por envoltorio de regalo.<\/p>\n\n\n\n<p>No se reembolsar\u00e1n los gastos de env\u00edo que pague para devolvernos el art\u00edculo.<\/p>\n\n\n\n<p>Los gastos de env\u00edo no son reembolsables para paquetes no entregados, no reclamados o devueltos, a menos que hayamos cometido un error.<\/p>\n\n\n\n<p><strong>Necesitamos la siguiente informaci\u00f3n para procesar su devoluci\u00f3n.<\/strong> (Si esta informaci\u00f3n no est\u00e1 incluida, no podremos procesar su devoluci\u00f3n).<\/p>\n\n\n\n<ul><li>Nombre completo y direcci\u00f3n<\/li><li>N\u00famero de tel\u00e9fono<\/li><li>Direcci\u00f3n de correo electr\u00f3nico<\/li><li>Declaraci\u00f3n de mercanc\u00edas<\/li><li>N\u00famero de confirmaci\u00f3n de pedido original<\/li><li>Su motivo para devolver el art\u00edculo<\/li><\/ul>\n\n\n\n<p><\/p>\n\n\n\n<p><br><strong>Por favor, devuelva el art\u00edculo a:<\/strong><br>Office No. 601-298, Bayan Business Centre, DIP I, PO Box 418045, Dubai, Emiratos \u00c1rabes Unidos.<br>Todas las devoluciones deben enviarse a FragranceNet.com utilizando un servicio de mensajer\u00eda rastreable.. (Confirmaci\u00f3n de entrega por UPS, FedEx, USPS).<\/p>\n\n\n\n<p>Cualquier env\u00edo que no haya sido recibido por<strong>EVOSCENT<\/strong> y no se pueda proporcionar informaci\u00f3n sobre la transferencia del pedido ser\u00e1 responsabilidad exclusiva del remitente.<\/p>\n\n\n\n<p>** Puede tomar hasta 14 d\u00edas h\u00e1biles procesar su devoluci\u00f3n o cambio.<\/p>\n\n\n\n<p>Si su paquete se devuelve a <strong>EVOSCENT<\/strong> con un &#8220;rechazo&#8221;, &#8220;no reclamado&#8221; o &#8220;no entregado&#8221; y desea que se vuelva a enviar, deber\u00e1 pagar una tarifa de reenv\u00edo de $ 6.00.<\/p>\n\n\n\n<h3 class=\"wp-block-heading\" id=\"cancelacion-de-pedido\"><br>Cancelaci\u00f3n de pedido<\/h3>\n\n\n\n<p><br>Debido a que utilizamos sistemas de almacenamiento y procesamiento de pedidos automatizados, no podemos cancelar ni cambiar su pedido despu\u00e9s de que se haya enviado. Si tiene alguna otra pregunta, comun\u00edquese con nuestro departamento de atenci\u00f3n al cliente.<\/p>\n\n\n\n<p>Cont\u00e1ctenos en:<br>971555460619<br>De lunes a viernes: de 9:00 a. M. A 5:00 p. M. GMT + 4.<\/p>\n\n\n\n<h3 class=\"wp-block-heading\" id=\"requisitos\"><br>Requisitos<\/h3>\n\n\n\n<p>Debe notificarnos dentro de los 15 d\u00edas posteriores a la fecha de su pedido si no ha recibido su paquete.<\/p>\n<\/div>","protected":false},"excerpt":{"rendered":"REEMBOLSO Y CANCELACI\u00d3N\n\n\n\nGracias por su compra. Esperamos que est\u00e9 satisfecho con su compra. Sin embargo, si por alguna raz\u00f3n no est\u00e1 completamente satisfecho con su compra,&#8230;","protected":false},"author":1,"featured_media":0,"parent":0,"menu_order":0,"comment_status":"closed","ping_status":"closed","template":"","meta":{"inline_featured_image":false,"footnotes":""},"_links":{"self":[{"href":"https:\/\/evoscents.com\/es\/wp-json\/wp\/v2\/pages\/12384"}],"collection":[{"href":"https:\/\/evoscents.com\/es\/wp-json\/wp\/v2\/pages"}],"about":[{"href":"https:\/\/evoscents.com\/es\/wp-json\/wp\/v2\/types\/page"}],"author":[{"embeddable":true,"href":"https:\/\/evoscents.com\/es\/wp-json\/wp\/v2\/users\/1"}],"replies":[{"embeddable":true,"href":"https:\/\/evoscents.com\/es\/wp-json\/wp\/v2\/comments?post=12384"}],"version-history":[{"count":1,"href":"https:\/\/evoscents.com\/es\/wp-json\/wp\/v2\/pages\/12384\/revisions"}],"predecessor-version":[{"id":19594,"href":"https:\/\/evoscents.com\/es\/wp-json\/wp\/v2\/pages\/12384\/revisions\/19594"}],"wp:attachment":[{"href":"https:\/\/evoscents.com\/es\/wp-json\/wp\/v2\/media?parent=12384"}],"curies":[{"name":"wp","href":"https:\/\/api.w.org\/{rel}","templated":true}]}}